{"id":4292,"date":"2022-03-21T09:25:15","date_gmt":"2022-03-21T09:25:15","guid":{"rendered":"https:\/\/albrecht-elektrotechnik.de\/?page_id=4292"},"modified":"2024-11-08T12:26:33","modified_gmt":"2024-11-08T12:26:33","slug":"qualitaet-nachhaltigkeit","status":"publish","type":"page","link":"https:\/\/albrecht-elektrotechnik.de\/index.php\/qualitaet-nachhaltigkeit\/","title":{"rendered":"Qualit\u00e4t &#038; Nachhaltigkeit"},"content":{"rendered":"<p>[et_pb_section fb_built=&#8220;1&#8243; fullwidth=&#8220;on&#8220; _builder_version=&#8220;4.16&#8243; global_colors_info=&#8220;{}&#8220;][et_pb_fullwidth_slider show_arrows=&#8220;off&#8220; show_pagination=&#8220;off&#8220; admin_label=&#8220;Headline PIC&#8220; _builder_version=&#8220;4.27.2&#8243; background_size=&#8220;initial&#8220; background_position=&#8220;top_left&#8220; background_repeat=&#8220;repeat&#8220; hover_enabled=&#8220;0&#8243; global_colors_info=&#8220;{}&#8220; button_text_size__hover_enabled=&#8220;off&#8220; button_one_text_size__hover_enabled=&#8220;off&#8220; button_two_text_size__hover_enabled=&#8220;off&#8220; button_text_color__hover_enabled=&#8220;off&#8220; button_one_text_color__hover_enabled=&#8220;off&#8220; button_two_text_color__hover_enabled=&#8220;off&#8220; button_border_width__hover_enabled=&#8220;off&#8220; button_one_border_width__hover_enabled=&#8220;off&#8220; button_two_border_width__hover_enabled=&#8220;off&#8220; button_border_color__hover_enabled=&#8220;off&#8220; button_one_border_color__hover_enabled=&#8220;off&#8220; button_two_border_color__hover_enabled=&#8220;off&#8220; button_border_radius__hover_enabled=&#8220;off&#8220; button_one_border_radius__hover_enabled=&#8220;off&#8220; button_two_border_radius__hover_enabled=&#8220;off&#8220; button_letter_spacing__hover_enabled=&#8220;off&#8220; button_one_letter_spacing__hover_enabled=&#8220;off&#8220; button_two_letter_spacing__hover_enabled=&#8220;off&#8220; button_bg_color__hover_enabled=&#8220;off&#8220; button_one_bg_color__hover_enabled=&#8220;off&#8220; button_two_bg_color__hover_enabled=&#8220;off&#8220; header_level=&#8220;h1&#8243; sticky_enabled=&#8220;0&#8243;][et_pb_slide heading=&#8220;QUALIT\u00c4T UND NACHHALTIGKEIT&#8220; use_bg_overlay=&#8220;on&#8220; bg_overlay_color=&#8220;rgba(0,92,153,0.7)&#8220; use_text_overlay=&#8220;off&#8220; admin_title=&#8220;Headline&#8220; _builder_version=&#8220;4.27.2&#8243; header_font=&#8220;Open Sans|300|||||||&#8220; header_text_align=&#8220;center&#8220; header_font_size=&#8220;70&#8243; background_image=&#8220;https:\/\/albrecht-elektrotechnik.de\/wp-content\/uploads\/2018\/07\/Bild-Startseite-bearbeitet.jpg&#8220; parallax=&#8220;on&#8220; parallax_method=&#8220;off&#8220; button_on_hover=&#8220;on&#8220; header_font_size_tablet=&#8220;65px&#8220; header_font_size_phone=&#8220;55px&#8220; header_font_size_last_edited=&#8220;on|phone&#8220; custom_css_free_form=&#8220;h2 {||  hyphens: auto;||}&#8220; global_colors_info=&#8220;{}&#8220; button_text_size__hover_enabled=&#8220;off&#8220; button_one_text_size__hover_enabled=&#8220;off&#8220; button_two_text_size__hover_enabled=&#8220;off&#8220; button_text_color__hover_enabled=&#8220;off&#8220; button_one_text_color__hover_enabled=&#8220;off&#8220; button_two_text_color__hover_enabled=&#8220;off&#8220; button_border_width__hover_enabled=&#8220;off&#8220; button_one_border_width__hover_enabled=&#8220;off&#8220; button_two_border_width__hover_enabled=&#8220;off&#8220; button_border_color__hover_enabled=&#8220;off&#8220; button_one_border_color__hover_enabled=&#8220;off&#8220; button_two_border_color__hover_enabled=&#8220;off&#8220; button_border_radius__hover_enabled=&#8220;off&#8220; button_one_border_radius__hover_enabled=&#8220;off&#8220; button_two_border_radius__hover_enabled=&#8220;off&#8220; button_letter_spacing__hover_enabled=&#8220;off&#8220; button_one_letter_spacing__hover_enabled=&#8220;off&#8220; button_two_letter_spacing__hover_enabled=&#8220;off&#8220; button_bg_color__hover_enabled=&#8220;off&#8220; button_one_bg_color__hover_enabled=&#8220;off&#8220; button_two_bg_color__hover_enabled=&#8220;off&#8220; sticky_transition=&#8220;on&#8220;][\/et_pb_slide][\/et_pb_fullwidth_slider][\/et_pb_section][et_pb_section fb_built=&#8220;1&#8243; _builder_version=&#8220;4.16&#8243; global_colors_info=&#8220;{}&#8220;][et_pb_row column_structure=&#8220;1_2,1_2&#8243; _builder_version=&#8220;4.16&#8243; global_colors_info=&#8220;{}&#8220;][et_pb_column type=&#8220;1_2&#8243; _builder_version=&#8220;4.16&#8243; custom_padding=&#8220;|||&#8220; global_colors_info=&#8220;{}&#8220; custom_padding__hover=&#8220;|||&#8220;][et_pb_text _builder_version=&#8220;4.27.2&#8243; hover_enabled=&#8220;0&#8243; global_colors_info=&#8220;{}&#8220; sticky_enabled=&#8220;0&#8243;]<\/p>\n<h2><strong>Qualit\u00e4t:<\/strong><\/h2>\n<p><span>Diese zeigt sich in der Konformit\u00e4t unserer Produkte, der Kompetenz unserer<\/span> <span>Dienstleistung, der Termintreue, sowie der Flexibilit\u00e4t, mit der wir die W\u00fcnsche unserer<\/span> <span>Kunden realisieren.<\/span><\/p>\n<p>Agieren statt reagieren! Nach diesem Motto und durch kompetente Beratung, hohe Motivation &amp; Qualifikation der Mitarbeiter sowie stetige &amp; kontinuierliche Verbesserung unserer Prozesse, streben wir an die qualitativ hohen Anforderungen des Kunden zu befriedigen. Hierbei tr\u00e4gt jeder Mitarbeiter einen Teil der Verantwortung und liefert somit einen hohen Beitrag zur Erreichung dieses Qualit\u00e4tsziels. Das Engagement der Mitarbeiter spiegelt sich in der erfolgreichen ISO 9001 Zertifizierung (Die aktuellen Zertifikate sind unter &#8222;Downloads&#8220; zu finden).<\/p>\n<p>[\/et_pb_text][\/et_pb_column][et_pb_column type=&#8220;1_2&#8243; _builder_version=&#8220;4.16&#8243; custom_padding=&#8220;|||&#8220; global_colors_info=&#8220;{}&#8220; custom_padding__hover=&#8220;|||&#8220;][et_pb_image src=&#8220;https:\/\/albrecht-elektrotechnik.de\/wp-content\/uploads\/2022\/08\/Quality_inspection-scaled.jpg&#8220; alt=&#8220;Quality_inspection&#8220; title_text=&#8220;Young steel worker performing quality control of manufactured products in a warehouse.&#8220; _builder_version=&#8220;4.18.0&#8243; _module_preset=&#8220;default&#8220; global_colors_info=&#8220;{}&#8220;][\/et_pb_image][\/et_pb_column][\/et_pb_row][et_pb_row column_structure=&#8220;1_2,1_2&#8243; _builder_version=&#8220;4.16&#8243; global_colors_info=&#8220;{}&#8220;][et_pb_column type=&#8220;1_2&#8243; _builder_version=&#8220;4.16&#8243; custom_padding=&#8220;|||&#8220; global_colors_info=&#8220;{}&#8220; custom_padding__hover=&#8220;|||&#8220;][et_pb_text _builder_version=&#8220;4.27.2&#8243; hover_enabled=&#8220;0&#8243; global_colors_info=&#8220;{}&#8220; sticky_enabled=&#8220;0&#8243;]<\/p>\n<h2><strong>Nachhaltigkeit:<\/strong><\/h2>\n<p><span>Als Teil dieser Gesellschaft verpflichten wir uns unsere Umwelt zu bewahren. Wir<\/span> <span>sind bestrebt die Umweltbelastung durch fachgerechten Einsatz von Ressourcen, umweltschonender Verfahren sowie qualifizierte Entsorgung von Abf\u00e4llen so gering wie m\u00f6glich zu<\/span> <span>halten.<\/span><\/p>\n<p>Dieser Herausforderung stellen wir uns ganzheitlich als Unternehmen. Um den Schutz der Umwelt vollumf\u00e4nglich und strukturiert zu wahren ist die albrecht ELEKTROTECHNIK GmbH ISO 14001 zertifiziert.<\/p>\n<p>Im Bild rechts ist die installierte Photovoltaik-Anlage auf dem Dach des Unternehmens zu sehen.<span><\/span><\/p>\n<p>[\/et_pb_text][\/et_pb_column][et_pb_column type=&#8220;1_2&#8243; _builder_version=&#8220;4.16&#8243; custom_padding=&#8220;|||&#8220; global_colors_info=&#8220;{}&#8220; custom_padding__hover=&#8220;|||&#8220;][et_pb_image src=&#8220;https:\/\/albrecht-elektrotechnik.de\/wp-content\/uploads\/2022\/03\/PV_Anlage.jpg&#8220; title_text=&#8220;PV_Anlage&#8220; _builder_version=&#8220;4.16&#8243; _module_preset=&#8220;default&#8220; global_colors_info=&#8220;{}&#8220;][\/et_pb_image][\/et_pb_column][\/et_pb_row][\/et_pb_section][et_pb_section fb_built=&#8220;1&#8243; fullwidth=&#8220;on&#8220; _builder_version=&#8220;4.16&#8243; global_colors_info=&#8220;{}&#8220;][et_pb_fullwidth_slider show_arrows=&#8220;off&#8220; show_pagination=&#8220;off&#8220; admin_label=&#8220;FOOTER PIC&#8220; _builder_version=&#8220;4.16&#8243; background_image=&#8220;https:\/\/albrecht-elektrotechnik.de\/wp-content\/uploads\/2018\/05\/pic4.jpg&#8220; parallax=&#8220;on&#8220; global_colors_info=&#8220;{}&#8220; button_text_size__hover_enabled=&#8220;off&#8220; button_one_text_size__hover_enabled=&#8220;off&#8220; button_two_text_size__hover_enabled=&#8220;off&#8220; button_text_color__hover_enabled=&#8220;off&#8220; button_one_text_color__hover_enabled=&#8220;off&#8220; button_two_text_color__hover_enabled=&#8220;off&#8220; button_border_width__hover_enabled=&#8220;off&#8220; button_one_border_width__hover_enabled=&#8220;off&#8220; button_two_border_width__hover_enabled=&#8220;off&#8220; button_border_color__hover_enabled=&#8220;off&#8220; button_one_border_color__hover_enabled=&#8220;off&#8220; button_two_border_color__hover_enabled=&#8220;off&#8220; button_border_radius__hover_enabled=&#8220;off&#8220; button_one_border_radius__hover_enabled=&#8220;off&#8220; button_two_border_radius__hover_enabled=&#8220;off&#8220; button_letter_spacing__hover_enabled=&#8220;off&#8220; button_one_letter_spacing__hover_enabled=&#8220;off&#8220; button_two_letter_spacing__hover_enabled=&#8220;off&#8220; button_bg_color__hover_enabled=&#8220;off&#8220; button_one_bg_color__hover_enabled=&#8220;off&#8220; button_two_bg_color__hover_enabled=&#8220;off&#8220;][et_pb_slide button_text=&#8220;KONTAKT AUFNEHMEN&#8220; button_link=&#8220;\/index.php\/kontakt\/&#8220; use_bg_overlay=&#8220;on&#8220; bg_overlay_color=&#8220;rgba(0,0,0,0.5)&#8220; use_text_overlay=&#8220;off&#8220; admin_title=&#8220;BUTTON&#8220; _builder_version=&#8220;4.16&#8243; header_font=&#8220;Open Sans|300|||||||&#8220; header_text_align=&#8220;center&#8220; header_font_size=&#8220;70&#8243; custom_button=&#8220;on&#8220; button_text_color=&#8220;#ffffff&#8220; button_bg_color=&#8220;rgba(255,255,255,0)&#8220; button_border_color=&#8220;#ffffff&#8220; button_font=&#8220;Open Sans|||on|||||&#8220; button_use_icon=&#8220;off&#8220; button_alignment=&#8220;center&#8220; header_font_size_tablet=&#8220;70&#8243; header_font_size_phone=&#8220;70&#8243; button_text_color_hover=&#8220;#ffffff&#8220; button_border_color_hover=&#8220;#005c99&#8243; button_bg_color_hover=&#8220;#005c99&#8243; global_colors_info=&#8220;{}&#8220; button_text_size__hover_enabled=&#8220;off&#8220; button_one_text_size__hover_enabled=&#8220;off&#8220; button_two_text_size__hover_enabled=&#8220;off&#8220; button_text_color__hover_enabled=&#8220;on&#8220; button_text_color__hover=&#8220;#ffffff&#8220; button_one_text_color__hover_enabled=&#8220;off&#8220; button_two_text_color__hover_enabled=&#8220;off&#8220; button_border_width__hover_enabled=&#8220;off&#8220; button_one_border_width__hover_enabled=&#8220;off&#8220; button_two_border_width__hover_enabled=&#8220;off&#8220; button_border_color__hover_enabled=&#8220;on&#8220; button_border_color__hover=&#8220;#005c99&#8243; button_one_border_color__hover_enabled=&#8220;off&#8220; button_two_border_color__hover_enabled=&#8220;off&#8220; button_border_radius__hover_enabled=&#8220;off&#8220; button_one_border_radius__hover_enabled=&#8220;off&#8220; button_two_border_radius__hover_enabled=&#8220;off&#8220; button_letter_spacing__hover_enabled=&#8220;off&#8220; button_one_letter_spacing__hover_enabled=&#8220;off&#8220; button_two_letter_spacing__hover_enabled=&#8220;off&#8220; button_bg_color__hover_enabled=&#8220;on&#8220; button_bg_color__hover=&#8220;#005c99&#8243; button_one_bg_color__hover_enabled=&#8220;off&#8220; button_two_bg_color__hover_enabled=&#8220;off&#8220; sticky_transition=&#8220;on&#8220;][\/et_pb_slide][\/et_pb_fullwidth_slider][\/et_pb_section][et_pb_section fb_built=&#8220;1&#8243; admin_label=&#8220;hintergrund&#8220; _builder_version=&#8220;3.21.3&#8243; background_color=&#8220;#005c99&#8243; background_image=&#8220;https:\/\/albrecht-elektrotechnik.de\/wp-content\/uploads\/2018\/05\/back_footer.png&#8220; background_position=&#8220;bottom_right&#8220; custom_padding=&#8220;0|0px|0|0px|false|false&#8220; z_index_tablet=&#8220;500&#8243; global_module=&#8220;98&#8243; global_colors_info=&#8220;{}&#8220;][et_pb_row column_structure=&#8220;1_5,1_5,1_5,1_5,1_5&#8243; _builder_version=&#8220;4.27.2&#8243; custom_padding=&#8220;80px|0px|84px|0px|false|false&#8220; global_colors_info=&#8220;{}&#8220;][et_pb_column type=&#8220;1_5&#8243; _builder_version=&#8220;4.16&#8243; custom_padding=&#8220;|||&#8220; global_colors_info=&#8220;{}&#8220; custom_padding__hover=&#8220;|||&#8220;][et_pb_text admin_label=&#8220;Anschrift&#8220; _builder_version=&#8220;4.20.4&#8243; text_font=&#8220;Open Sans||||||||&#8220; text_text_color=&#8220;#ffffff&#8220; text_font_size=&#8220;14px&#8220; text_line_height=&#8220;1.6em&#8220; global_colors_info=&#8220;{}&#8220;]<\/p>\n<p><strong>Albrecht Elektrotechnik GmbH<br \/><\/strong>Im Engelfeld 10<br \/>87509 Immenstadt<\/p>\n<p>Konrad-Zuse-Stra\u00dfe 1<br \/>87509 Immenstadt<\/p>\n<p><span style=\"color: #ffffff;\">Tel. \u00a0+49 8323 9651 0<br \/>(Mo.-Fr. 08:00 &#8211; 12:00 Uhr; oder per Kontaktformular)<br \/><\/span><span style=\"color: #ffffff;\"> Fax. +49 8323 9651 91<\/span><\/p>\n<p>[\/et_pb_text][\/et_pb_column][et_pb_column type=&#8220;1_5&#8243; _builder_version=&#8220;4.16&#8243; custom_padding=&#8220;|||&#8220; global_colors_info=&#8220;{}&#8220; custom_padding__hover=&#8220;|||&#8220;][et_pb_text _builder_version=&#8220;4.27.0&#8243; text_text_color=&#8220;#ffffff&#8220; text_font_size=&#8220;14px&#8220; text_line_height=&#8220;1.6em&#8220; link_text_color=&#8220;#ffffff&#8220; z_index_tablet=&#8220;500&#8243; global_colors_info=&#8220;{}&#8220;]<\/p>\n<p style=\"text-align: left;\"><a href=\"https:\/\/albrecht-elektrotechnik.de\/index.php\/karriere\/\">Karriere<\/a><\/p>\n<p style=\"text-align: left;\"><a href=\"https:\/\/albrecht-elektrotechnik.de\/index.php\/downloads\/\">Downloads<\/a><\/p>\n<p style=\"text-align: left;\"><a href=\"https:\/\/albrecht-elektrotechnik.de\/index.php\/impressum\/\">Impressum<\/a><\/p>\n<p style=\"text-align: left;\"><a href=\"https:\/\/albrecht-elektrotechnik.de\/wp-content\/uploads\/2024\/09\/Lieferungs-Zahlungsbedingungen-01-2024-1.pdf\" target=\"_blank\" rel=\"noopener noreferrer\">Allgemeine Gesch\u00e4ftsbedingungen<\/a><\/p>\n<p style=\"text-align: left;\"><a href=\"https:\/\/albrecht-elektrotechnik.de\/index.php\/datenschutz\/\">Datenschutz<\/a><a href=\"http:\/\/192.168.179.119:8888\/pls\/albrecht\/f?p=102:LOGIN_DESKTOP:6495404315464:::::\" target=\"_blank\" rel=\"noopener\" title=\"Login f\u00fcr Mitarbeitende\"><\/a><\/p>\n<p style=\"text-align: left;\"><a href=\"https:\/\/dsgvo3.ds-manager.net\/albrecht-elektrotechnik\/hinweis_meldung.html?key=JtqpmiRqaElH4eOr\" target=\"_blank\" rel=\"noopener\">Hinweisgebersystem<\/a><\/p>\n<p>[\/et_pb_text][\/et_pb_column][et_pb_column type=&#8220;1_5&#8243; module_class=&#8220;badges&#8220; _builder_version=&#8220;4.27.2&#8243; custom_padding=&#8220;||||false|false&#8220; custom_padding_tablet=&#8220;&#8220; custom_padding_phone=&#8220;30px||||false|false&#8220; custom_padding_last_edited=&#8220;on|phone&#8220; custom_css_free_form=&#8220;||  @media (max-width: 500px) {||    .badges { ||      display: flex;||      flex-direction: row;||    }||  }||&#8220; global_colors_info=&#8220;{}&#8220; custom_padding__hover=&#8220;|||&#8220;][et_pb_image src=&#8220;https:\/\/albrecht-elektrotechnik.de\/wp-content\/uploads\/2021\/01\/9001_14001_ger_tc_p.png&#8220; alt=&#8220;Dekra-Siegel&#8220; title_text=&#8220;Dekra-Siegel&#8220; align_tablet=&#8220;center&#8220; align_phone=&#8220;&#8220; align_last_edited=&#8220;on|desktop&#8220; admin_label=&#8220;Zertifikat&#8220; _builder_version=&#8220;4.27.2&#8243; width=&#8220;58px&#8220; width_tablet=&#8220;21%&#8220; width_phone=&#8220;18%&#8220; width_last_edited=&#8220;on|phone&#8220; global_colors_info=&#8220;{}&#8220;]<\/p>\n<p>&nbsp;<\/p>\n<p>[\/et_pb_image][et_pb_image src=&#8220;https:\/\/albrecht-elektrotechnik.de\/wp-content\/uploads\/2019\/04\/Logo_EPLAN_4c_portrait.jpg&#8220; align_tablet=&#8220;center&#8220; align_phone=&#8220;&#8220; align_last_edited=&#8220;on|desktop&#8220; _builder_version=&#8220;4.16&#8243; max_width=&#8220;55px&#8220; z_index_tablet=&#8220;500&#8243; global_colors_info=&#8220;{}&#8220;][\/et_pb_image][et_pb_image src=&#8220;https:\/\/albrecht-elektrotechnik.de\/wp-content\/uploads\/2019\/04\/ul_markshub_ul-c-us-r-listed-mark-2.png&#8220; align_tablet=&#8220;center&#8220; align_phone=&#8220;&#8220; align_last_edited=&#8220;on|desktop&#8220; disabled_on=&#8220;off|off|off&#8220; _builder_version=&#8220;4.16&#8243; max_width=&#8220;55px&#8220; z_index_tablet=&#8220;500&#8243; global_colors_info=&#8220;{}&#8220;][\/et_pb_image][\/et_pb_column][et_pb_column type=&#8220;1_5&#8243; _builder_version=&#8220;4.27.2&#8243; _module_preset=&#8220;default&#8220; global_colors_info=&#8220;{}&#8220;][et_pb_social_media_follow _builder_version=&#8220;4.27.2&#8243; _module_preset=&#8220;default&#8220; text_orientation=&#8220;left&#8220; min_height=&#8220;108px&#8220; min_height_tablet=&#8220;&#8220; min_height_phone=&#8220;39px&#8220; min_height_last_edited=&#8220;on|phone&#8220; custom_margin=&#8220;0px||||false|false&#8220; custom_margin_tablet=&#8220;&#8220; custom_margin_phone=&#8220;50px||100px||false|false&#8220; custom_margin_last_edited=&#8220;on|desktop&#8220; text_orientation_tablet=&#8220;&#8220; text_orientation_phone=&#8220;center&#8220; text_orientation_last_edited=&#8220;on|desktop&#8220; global_colors_info=&#8220;{}&#8220;][et_pb_social_media_follow_network social_network=&#8220;facebook&#8220; url=&#8220;https:\/\/www.facebook.com\/albrechtelektrotechnik\/&#8220; _builder_version=&#8220;4.16&#8243; _module_preset=&#8220;default&#8220; background_color=&#8220;#3b5998&#8243; global_colors_info=&#8220;{}&#8220; follow_button=&#8220;off&#8220; url_new_window=&#8220;on&#8220;]facebook[\/et_pb_social_media_follow_network][et_pb_social_media_follow_network social_network=&#8220;linkedin&#8220; url=&#8220;https:\/\/www.linkedin.com\/company\/albrecht-elektrotechnik-gmbh&#8220; _builder_version=&#8220;4.16&#8243; _module_preset=&#8220;default&#8220; background_color=&#8220;#007bb6&#8243; global_colors_info=&#8220;{}&#8220; follow_button=&#8220;off&#8220; url_new_window=&#8220;on&#8220;]linkedin[\/et_pb_social_media_follow_network][et_pb_social_media_follow_network social_network=&#8220;instagram&#8220; url=&#8220;https:\/\/www.instagram.com\/albrecht_elektrotechnik\/&#8220; _builder_version=&#8220;4.16&#8243; _module_preset=&#8220;default&#8220; background_color=&#8220;#ea2c59&#8243; global_colors_info=&#8220;{}&#8220; follow_button=&#8220;off&#8220; url_new_window=&#8220;on&#8220;]instagram[\/et_pb_social_media_follow_network][\/et_pb_social_media_follow][\/et_pb_column][et_pb_column type=&#8220;1_5&#8243; _builder_version=&#8220;4.16&#8243; global_colors_info=&#8220;{}&#8220;][\/et_pb_column][\/et_pb_row][\/et_pb_section]<\/p>\n","protected":false},"excerpt":{"rendered":"<p>Qualit\u00e4t: Diese zeigt sich in der Konformit\u00e4t unserer Produkte, der Kompetenz unserer Dienstleistung, der Termintreue, sowie der Flexibilit\u00e4t, mit der wir die W\u00fcnsche unserer Kunden realisieren. Agieren statt reagieren! Nach diesem Motto und durch kompetente Beratung, hohe Motivation &amp; Qualifikation der Mitarbeiter sowie stetige &amp; kontinuierliche Verbesserung unserer Prozesse, streben wir an die qualitativ hohen [&hellip;]<\/p>\n","protected":false},"author":7,"featured_media":0,"parent":0,"menu_order":0,"comment_status":"closed","ping_status":"closed","template":"","meta":{"_et_pb_use_builder":"on","_et_pb_old_content":"","_et_gb_content_width":"","footnotes":""},"class_list":["post-4292","page","type-page","status-publish","hentry"],"yoast_head":"<!-- This site is optimized with the Yoast SEO plugin v27.4 - https:\/\/yoast.com\/product\/yoast-seo-wordpress\/ -->\n<title>Qualit\u00e4t &amp; Nachhaltigkeit - Albrecht Elektrotechnik GmbH<\/title>\n<meta name=\"robots\" content=\"index, follow, max-snippet:-1, max-image-preview:large, max-video-preview:-1\" \/>\n<link rel=\"canonical\" href=\"https:\/\/albrecht-elektrotechnik.de\/index.php\/qualitaet-nachhaltigkeit\/\" \/>\n<meta property=\"og:locale\" content=\"de_DE\" \/>\n<meta property=\"og:type\" content=\"article\" \/>\n<meta property=\"og:title\" content=\"Qualit\u00e4t &amp; Nachhaltigkeit - Albrecht Elektrotechnik GmbH\" \/>\n<meta property=\"og:description\" content=\"Qualit\u00e4t: Diese zeigt sich in der Konformit\u00e4t unserer Produkte, der Kompetenz unserer Dienstleistung, der Termintreue, sowie der Flexibilit\u00e4t, mit der wir die W\u00fcnsche unserer Kunden realisieren. Agieren statt reagieren! Nach diesem Motto und durch kompetente Beratung, hohe Motivation &amp; Qualifikation der Mitarbeiter sowie stetige &amp; kontinuierliche Verbesserung unserer Prozesse, streben wir an die qualitativ hohen [&hellip;]\" \/>\n<meta property=\"og:url\" content=\"https:\/\/albrecht-elektrotechnik.de\/index.php\/qualitaet-nachhaltigkeit\/\" \/>\n<meta property=\"og:site_name\" content=\"Albrecht Elektrotechnik GmbH\" \/>\n<meta property=\"article:publisher\" content=\"https:\/\/www.facebook.com\/albrechtelektrotechnik\/\" \/>\n<meta property=\"article:modified_time\" content=\"2024-11-08T12:26:33+00:00\" \/>\n<meta name=\"twitter:card\" content=\"summary_large_image\" \/>\n<meta name=\"twitter:label1\" content=\"Gesch\u00e4tzte Lesezeit\" \/>\n\t<meta name=\"twitter:data1\" content=\"9\u00a0Minuten\" \/>\n<script type=\"application\/ld+json\" class=\"yoast-schema-graph\">{\"@context\":\"https:\\\/\\\/schema.org\",\"@graph\":[{\"@type\":\"WebPage\",\"@id\":\"https:\\\/\\\/albrecht-elektrotechnik.de\\\/index.php\\\/qualitaet-nachhaltigkeit\\\/\",\"url\":\"https:\\\/\\\/albrecht-elektrotechnik.de\\\/index.php\\\/qualitaet-nachhaltigkeit\\\/\",\"name\":\"Qualit\u00e4t & Nachhaltigkeit - Albrecht Elektrotechnik GmbH\",\"isPartOf\":{\"@id\":\"https:\\\/\\\/albrecht-elektrotechnik.de\\\/#website\"},\"datePublished\":\"2022-03-21T09:25:15+00:00\",\"dateModified\":\"2024-11-08T12:26:33+00:00\",\"breadcrumb\":{\"@id\":\"https:\\\/\\\/albrecht-elektrotechnik.de\\\/index.php\\\/qualitaet-nachhaltigkeit\\\/#breadcrumb\"},\"inLanguage\":\"de\",\"potentialAction\":[{\"@type\":\"ReadAction\",\"target\":[\"https:\\\/\\\/albrecht-elektrotechnik.de\\\/index.php\\\/qualitaet-nachhaltigkeit\\\/\"]}]},{\"@type\":\"BreadcrumbList\",\"@id\":\"https:\\\/\\\/albrecht-elektrotechnik.de\\\/index.php\\\/qualitaet-nachhaltigkeit\\\/#breadcrumb\",\"itemListElement\":[{\"@type\":\"ListItem\",\"position\":1,\"name\":\"Startseite\",\"item\":\"https:\\\/\\\/albrecht-elektrotechnik.de\\\/\"},{\"@type\":\"ListItem\",\"position\":2,\"name\":\"Qualit\u00e4t &#038; Nachhaltigkeit\"}]},{\"@type\":\"WebSite\",\"@id\":\"https:\\\/\\\/albrecht-elektrotechnik.de\\\/#website\",\"url\":\"https:\\\/\\\/albrecht-elektrotechnik.de\\\/\",\"name\":\"Albrecht Elektrotechnik GmbH\",\"description\":\"Elektrotechnik und Maschinenbau unter einem Dach\",\"potentialAction\":[{\"@type\":\"SearchAction\",\"target\":{\"@type\":\"EntryPoint\",\"urlTemplate\":\"https:\\\/\\\/albrecht-elektrotechnik.de\\\/?s={search_term_string}\"},\"query-input\":{\"@type\":\"PropertyValueSpecification\",\"valueRequired\":true,\"valueName\":\"search_term_string\"}}],\"inLanguage\":\"de\"}]}<\/script>\n<!-- \/ Yoast SEO plugin. -->","yoast_head_json":{"title":"Qualit\u00e4t & Nachhaltigkeit - Albrecht Elektrotechnik GmbH","robots":{"index":"index","follow":"follow","max-snippet":"max-snippet:-1","max-image-preview":"max-image-preview:large","max-video-preview":"max-video-preview:-1"},"canonical":"https:\/\/albrecht-elektrotechnik.de\/index.php\/qualitaet-nachhaltigkeit\/","og_locale":"de_DE","og_type":"article","og_title":"Qualit\u00e4t & Nachhaltigkeit - Albrecht Elektrotechnik GmbH","og_description":"Qualit\u00e4t: Diese zeigt sich in der Konformit\u00e4t unserer Produkte, der Kompetenz unserer Dienstleistung, der Termintreue, sowie der Flexibilit\u00e4t, mit der wir die W\u00fcnsche unserer Kunden realisieren. Agieren statt reagieren! Nach diesem Motto und durch kompetente Beratung, hohe Motivation &amp; Qualifikation der Mitarbeiter sowie stetige &amp; kontinuierliche Verbesserung unserer Prozesse, streben wir an die qualitativ hohen [&hellip;]","og_url":"https:\/\/albrecht-elektrotechnik.de\/index.php\/qualitaet-nachhaltigkeit\/","og_site_name":"Albrecht Elektrotechnik GmbH","article_publisher":"https:\/\/www.facebook.com\/albrechtelektrotechnik\/","article_modified_time":"2024-11-08T12:26:33+00:00","twitter_card":"summary_large_image","twitter_misc":{"Gesch\u00e4tzte Lesezeit":"9\u00a0Minuten"},"schema":{"@context":"https:\/\/schema.org","@graph":[{"@type":"WebPage","@id":"https:\/\/albrecht-elektrotechnik.de\/index.php\/qualitaet-nachhaltigkeit\/","url":"https:\/\/albrecht-elektrotechnik.de\/index.php\/qualitaet-nachhaltigkeit\/","name":"Qualit\u00e4t & Nachhaltigkeit - Albrecht Elektrotechnik GmbH","isPartOf":{"@id":"https:\/\/albrecht-elektrotechnik.de\/#website"},"datePublished":"2022-03-21T09:25:15+00:00","dateModified":"2024-11-08T12:26:33+00:00","breadcrumb":{"@id":"https:\/\/albrecht-elektrotechnik.de\/index.php\/qualitaet-nachhaltigkeit\/#breadcrumb"},"inLanguage":"de","potentialAction":[{"@type":"ReadAction","target":["https:\/\/albrecht-elektrotechnik.de\/index.php\/qualitaet-nachhaltigkeit\/"]}]},{"@type":"BreadcrumbList","@id":"https:\/\/albrecht-elektrotechnik.de\/index.php\/qualitaet-nachhaltigkeit\/#breadcrumb","itemListElement":[{"@type":"ListItem","position":1,"name":"Startseite","item":"https:\/\/albrecht-elektrotechnik.de\/"},{"@type":"ListItem","position":2,"name":"Qualit\u00e4t &#038; Nachhaltigkeit"}]},{"@type":"WebSite","@id":"https:\/\/albrecht-elektrotechnik.de\/#website","url":"https:\/\/albrecht-elektrotechnik.de\/","name":"Albrecht Elektrotechnik GmbH","description":"Elektrotechnik und Maschinenbau unter einem Dach","potentialAction":[{"@type":"SearchAction","target":{"@type":"EntryPoint","urlTemplate":"https:\/\/albrecht-elektrotechnik.de\/?s={search_term_string}"},"query-input":{"@type":"PropertyValueSpecification","valueRequired":true,"valueName":"search_term_string"}}],"inLanguage":"de"}]}},"_links":{"self":[{"href":"https:\/\/albrecht-elektrotechnik.de\/index.php\/wp-json\/wp\/v2\/pages\/4292","targetHints":{"allow":["GET"]}}],"collection":[{"href":"https:\/\/albrecht-elektrotechnik.de\/index.php\/wp-json\/wp\/v2\/pages"}],"about":[{"href":"https:\/\/albrecht-elektrotechnik.de\/index.php\/wp-json\/wp\/v2\/types\/page"}],"author":[{"embeddable":true,"href":"https:\/\/albrecht-elektrotechnik.de\/index.php\/wp-json\/wp\/v2\/users\/7"}],"replies":[{"embeddable":true,"href":"https:\/\/albrecht-elektrotechnik.de\/index.php\/wp-json\/wp\/v2\/comments?post=4292"}],"version-history":[{"count":0,"href":"https:\/\/albrecht-elektrotechnik.de\/index.php\/wp-json\/wp\/v2\/pages\/4292\/revisions"}],"wp:attachment":[{"href":"https:\/\/albrecht-elektrotechnik.de\/index.php\/wp-json\/wp\/v2\/media?parent=4292"}],"curies":[{"name":"wp","href":"https:\/\/api.w.org\/{rel}","templated":true}]}}