{"id":1336,"date":"2019-04-08T12:32:50","date_gmt":"2019-04-08T12:32:50","guid":{"rendered":"https:\/\/albrecht-elektrotechnik.de\/?page_id=1336"},"modified":"2023-08-17T08:47:43","modified_gmt":"2023-08-17T08:47:43","slug":"schulbegleitendes-praktikum","status":"publish","type":"page","link":"https:\/\/albrecht-elektrotechnik.de\/index.php\/schulbegleitendes-praktikum\/","title":{"rendered":"schulbegleitendes Praktikum"},"content":{"rendered":"<p>[et_pb_section fb_built=&#8220;1&#8243; fullwidth=&#8220;on&#8220; _builder_version=&#8220;4.16&#8243; global_colors_info=&#8220;{}&#8220;][et_pb_fullwidth_slider show_arrows=&#8220;off&#8220; show_pagination=&#8220;off&#8220; admin_label=&#8220;PRAKTIKUM &#8220; _builder_version=&#8220;4.16&#8243; header_level=&#8220;h3&#8243; header_font=&#8220;||||||||&#8220; global_colors_info=&#8220;{}&#8220; button_text_size__hover_enabled=&#8220;off&#8220; button_text_size__hover=&#8220;null&#8220; button_one_text_size__hover_enabled=&#8220;off&#8220; button_one_text_size__hover=&#8220;null&#8220; button_two_text_size__hover_enabled=&#8220;off&#8220; button_two_text_size__hover=&#8220;null&#8220; button_text_color__hover_enabled=&#8220;off&#8220; button_text_color__hover=&#8220;null&#8220; button_one_text_color__hover_enabled=&#8220;off&#8220; button_one_text_color__hover=&#8220;null&#8220; button_two_text_color__hover_enabled=&#8220;off&#8220; button_two_text_color__hover=&#8220;null&#8220; button_border_width__hover_enabled=&#8220;off&#8220; button_border_width__hover=&#8220;null&#8220; button_one_border_width__hover_enabled=&#8220;off&#8220; button_one_border_width__hover=&#8220;null&#8220; button_two_border_width__hover_enabled=&#8220;off&#8220; button_two_border_width__hover=&#8220;null&#8220; button_border_color__hover_enabled=&#8220;off&#8220; button_border_color__hover=&#8220;null&#8220; button_one_border_color__hover_enabled=&#8220;off&#8220; button_one_border_color__hover=&#8220;null&#8220; button_two_border_color__hover_enabled=&#8220;off&#8220; button_two_border_color__hover=&#8220;null&#8220; button_border_radius__hover_enabled=&#8220;off&#8220; button_border_radius__hover=&#8220;null&#8220; button_one_border_radius__hover_enabled=&#8220;off&#8220; button_one_border_radius__hover=&#8220;null&#8220; button_two_border_radius__hover_enabled=&#8220;off&#8220; button_two_border_radius__hover=&#8220;null&#8220; button_letter_spacing__hover_enabled=&#8220;off&#8220; button_letter_spacing__hover=&#8220;null&#8220; button_one_letter_spacing__hover_enabled=&#8220;off&#8220; button_one_letter_spacing__hover=&#8220;null&#8220; button_two_letter_spacing__hover_enabled=&#8220;off&#8220; button_two_letter_spacing__hover=&#8220;null&#8220; button_bg_color__hover_enabled=&#8220;off&#8220; button_bg_color__hover=&#8220;null&#8220; button_one_bg_color__hover_enabled=&#8220;off&#8220; button_one_bg_color__hover=&#8220;null&#8220; button_two_bg_color__hover_enabled=&#8220;off&#8220; button_two_bg_color__hover=&#8220;null&#8220;][et_pb_slide heading=&#8220;SCHULBEGLEITEND &#8220; use_bg_overlay=&#8220;on&#8220; bg_overlay_color=&#8220;rgba(0,92,153,0.7)&#8220; use_text_overlay=&#8220;off&#8220; admin_title=&#8220;Headline&#8220; _builder_version=&#8220;4.16&#8243; header_level=&#8220;h1&#8243; header_font=&#8220;Open Sans|300|||||||&#8220; header_text_align=&#8220;center&#8220; header_font_size=&#8220;50px&#8220; background_image=&#8220;https:\/\/albrecht-elektrotechnik.de\/wp-content\/uploads\/2018\/07\/albrecht-bearbeitet.jpg&#8220; parallax=&#8220;on&#8220; parallax_method=&#8220;off&#8220; button_on_hover=&#8220;on&#8220; header_font_size_tablet=&#8220;70&#8243; header_font_size_phone=&#8220;70&#8243; global_colors_info=&#8220;{}&#8220; button_text_size__hover_enabled=&#8220;off&#8220; button_one_text_size__hover_enabled=&#8220;off&#8220; button_two_text_size__hover_enabled=&#8220;off&#8220; button_text_color__hover_enabled=&#8220;off&#8220; button_one_text_color__hover_enabled=&#8220;off&#8220; button_two_text_color__hover_enabled=&#8220;off&#8220; button_border_width__hover_enabled=&#8220;off&#8220; button_one_border_width__hover_enabled=&#8220;off&#8220; button_two_border_width__hover_enabled=&#8220;off&#8220; button_border_color__hover_enabled=&#8220;off&#8220; button_one_border_color__hover_enabled=&#8220;off&#8220; button_two_border_color__hover_enabled=&#8220;off&#8220; button_border_radius__hover_enabled=&#8220;off&#8220; button_one_border_radius__hover_enabled=&#8220;off&#8220; button_two_border_radius__hover_enabled=&#8220;off&#8220; button_letter_spacing__hover_enabled=&#8220;off&#8220; button_one_letter_spacing__hover_enabled=&#8220;off&#8220; button_two_letter_spacing__hover_enabled=&#8220;off&#8220; button_bg_color__hover_enabled=&#8220;off&#8220; button_one_bg_color__hover_enabled=&#8220;off&#8220; button_two_bg_color__hover_enabled=&#8220;off&#8220; sticky_transition=&#8220;on&#8220;][\/et_pb_slide][\/et_pb_fullwidth_slider][\/et_pb_section][et_pb_section fb_built=&#8220;1&#8243; _builder_version=&#8220;4.16&#8243; global_colors_info=&#8220;{}&#8220;][et_pb_row _builder_version=&#8220;4.16&#8243; custom_padding=&#8220;0px||82px|||&#8220; global_colors_info=&#8220;{}&#8220;][et_pb_column type=&#8220;4_4&#8243; _builder_version=&#8220;4.16&#8243; custom_padding=&#8220;|||&#8220; global_colors_info=&#8220;{}&#8220; custom_padding__hover=&#8220;|||&#8220;][et_pb_text admin_label=&#8220;\u00dcberschrift&#8220; _builder_version=&#8220;4.16&#8243; header_font=&#8220;Arial|900|||||||&#8220; header_text_align=&#8220;center&#8220; header_text_color=&#8220;#005c99&#8243; header_font_size=&#8220;70px&#8220; header_2_font=&#8220;Open Sans|300||on|||||&#8220; header_2_text_color=&#8220;#8e8e8e&#8220; z_index_tablet=&#8220;500&#8243; global_colors_info=&#8220;{}&#8220;]<\/p>\n<h2 style=\"text-align: center;\">Du bist auf der Suche nach einem Praktikum?<\/h2>\n<p>[\/et_pb_text][\/et_pb_column][\/et_pb_row][et_pb_row _builder_version=&#8220;4.16&#8243; custom_padding=&#8220;0px||82px|||&#8220; global_colors_info=&#8220;{}&#8220;][et_pb_column type=&#8220;4_4&#8243; _builder_version=&#8220;4.16&#8243; custom_padding=&#8220;|||&#8220; global_colors_info=&#8220;{}&#8220; custom_padding__hover=&#8220;|||&#8220;][et_pb_text _builder_version=&#8220;4.16&#8243; global_colors_info=&#8220;{}&#8220;]<\/p>\n<p>Du bist noch unschl\u00fcssig, welche Ausbildung f\u00fcr dich die Richtige ist?<br \/>Du m\u00f6chtest wissen ob dein Traumberuf zu dir passt?<\/p>\n<p>Dann finde es heraus und bewirb dich f\u00fcr ein Schnupperpraktikum in einem unserer angebotenen Ausbildungsberufe. Du kannst eine Woche erste Erfahrungen bei uns sammeln, echten Profis in ihrem Berufsalltag \u00fcber die Schulter schauen und sie bei ihren t\u00e4glichen Aufgaben unterst\u00fctzen.<\/p>\n<p>Bewirb dich f\u00fcr ein Praktikum unter Email: <a href=\"mailto:ausbildung@albrecht-elektrotechnik.de\">ausbildung@albrecht-elektrotechnik.de<\/a><br \/>Betreff: \u201eSch\u00fclerpraktikum\u201c und nenne uns deinen favorisierten Ausbildungsberuf und den Zeitraum der f\u00fcr dich in Frage kommt.<\/p>\n<p>[\/et_pb_text][\/et_pb_column][\/et_pb_row][et_pb_row _builder_version=&#8220;4.16&#8243; custom_padding=&#8220;0px||0px|||&#8220; z_index_tablet=&#8220;500&#8243; global_colors_info=&#8220;{}&#8220;][et_pb_column type=&#8220;4_4&#8243; _builder_version=&#8220;4.16&#8243; custom_padding=&#8220;|||&#8220; global_colors_info=&#8220;{}&#8220; custom_padding__hover=&#8220;|||&#8220;][et_pb_divider _builder_version=&#8220;4.16&#8243; global_colors_info=&#8220;{}&#8220;]<\/p>\n<p>&nbsp;<\/p>\n<p>[\/et_pb_divider][et_pb_text _builder_version=&#8220;4.16&#8243; global_colors_info=&#8220;{}&#8220;]<\/p>\n<p style=\"text-align: center;\"><a href=\"https:\/\/albrecht-elektrotechnik.de\/index.php\/datenschutz\/\">Informationspflicht f\u00fcr Bewerber nach Art. 13 DS-GVO<\/a><\/p>\n<p>[\/et_pb_text][\/et_pb_column][\/et_pb_row][\/et_pb_section][et_pb_section fb_built=&#8220;1&#8243; fullwidth=&#8220;on&#8220; disabled_on=&#8220;on|on|on&#8220; _builder_version=&#8220;4.16&#8243; disabled=&#8220;on&#8220; global_colors_info=&#8220;{}&#8220;][et_pb_fullwidth_slider show_arrows=&#8220;off&#8220; show_pagination=&#8220;off&#8220; admin_label=&#8220;FOOTER PIC&#8220; _builder_version=&#8220;4.16&#8243; background_image=&#8220;https:\/\/albrecht-elektrotechnik.de\/wp-content\/uploads\/2018\/05\/pic4.jpg&#8220; parallax=&#8220;on&#8220; global_colors_info=&#8220;{}&#8220; button_text_size__hover_enabled=&#8220;off&#8220; button_one_text_size__hover_enabled=&#8220;off&#8220; button_two_text_size__hover_enabled=&#8220;off&#8220; button_text_color__hover_enabled=&#8220;off&#8220; button_one_text_color__hover_enabled=&#8220;off&#8220; button_two_text_color__hover_enabled=&#8220;off&#8220; button_border_width__hover_enabled=&#8220;off&#8220; button_one_border_width__hover_enabled=&#8220;off&#8220; button_two_border_width__hover_enabled=&#8220;off&#8220; button_border_color__hover_enabled=&#8220;off&#8220; button_one_border_color__hover_enabled=&#8220;off&#8220; button_two_border_color__hover_enabled=&#8220;off&#8220; button_border_radius__hover_enabled=&#8220;off&#8220; button_one_border_radius__hover_enabled=&#8220;off&#8220; button_two_border_radius__hover_enabled=&#8220;off&#8220; button_letter_spacing__hover_enabled=&#8220;off&#8220; button_one_letter_spacing__hover_enabled=&#8220;off&#8220; button_two_letter_spacing__hover_enabled=&#8220;off&#8220; button_bg_color__hover_enabled=&#8220;off&#8220; button_one_bg_color__hover_enabled=&#8220;off&#8220; button_two_bg_color__hover_enabled=&#8220;off&#8220;][et_pb_slide button_text=&#8220;KONTAKT AUFNEHMEN&#8220; use_bg_overlay=&#8220;on&#8220; bg_overlay_color=&#8220;rgba(0,0,0,0.5)&#8220; use_text_overlay=&#8220;off&#8220; admin_title=&#8220;BUTTON&#8220; _builder_version=&#8220;4.16&#8243; header_font=&#8220;Open Sans|300|||||||&#8220; header_text_align=&#8220;center&#8220; header_font_size=&#8220;70&#8243; custom_button=&#8220;on&#8220; button_text_color=&#8220;#ffffff&#8220; button_bg_color=&#8220;rgba(255,255,255,0)&#8220; button_border_color=&#8220;#ffffff&#8220; button_font=&#8220;Open Sans|||on|||||&#8220; button_use_icon=&#8220;off&#8220; button_alignment=&#8220;center&#8220; header_font_size_tablet=&#8220;70&#8243; header_font_size_phone=&#8220;70&#8243; button_text_color_hover=&#8220;#ffffff&#8220; button_border_color_hover=&#8220;#005c99&#8243; button_bg_color_hover=&#8220;#005c99&#8243; global_colors_info=&#8220;{}&#8220; button_text_size__hover_enabled=&#8220;off&#8220; button_one_text_size__hover_enabled=&#8220;off&#8220; button_two_text_size__hover_enabled=&#8220;off&#8220; button_text_color__hover_enabled=&#8220;on&#8220; button_text_color__hover=&#8220;#ffffff&#8220; button_one_text_color__hover_enabled=&#8220;off&#8220; button_two_text_color__hover_enabled=&#8220;off&#8220; button_border_width__hover_enabled=&#8220;off&#8220; button_one_border_width__hover_enabled=&#8220;off&#8220; button_two_border_width__hover_enabled=&#8220;off&#8220; button_border_color__hover_enabled=&#8220;on&#8220; button_border_color__hover=&#8220;#005c99&#8243; button_one_border_color__hover_enabled=&#8220;off&#8220; button_two_border_color__hover_enabled=&#8220;off&#8220; button_border_radius__hover_enabled=&#8220;off&#8220; button_one_border_radius__hover_enabled=&#8220;off&#8220; button_two_border_radius__hover_enabled=&#8220;off&#8220; button_letter_spacing__hover_enabled=&#8220;off&#8220; button_one_letter_spacing__hover_enabled=&#8220;off&#8220; button_two_letter_spacing__hover_enabled=&#8220;off&#8220; button_bg_color__hover_enabled=&#8220;on&#8220; button_bg_color__hover=&#8220;#005c99&#8243; button_one_bg_color__hover_enabled=&#8220;off&#8220; button_two_bg_color__hover_enabled=&#8220;off&#8220; sticky_transition=&#8220;on&#8220;][\/et_pb_slide][\/et_pb_fullwidth_slider][\/et_pb_section][et_pb_section fb_built=&#8220;1&#8243; admin_label=&#8220;hintergrund&#8220; _builder_version=&#8220;3.21.3&#8243; background_color=&#8220;#005c99&#8243; background_image=&#8220;https:\/\/albrecht-elektrotechnik.de\/wp-content\/uploads\/2018\/05\/back_footer.png&#8220; background_position=&#8220;bottom_right&#8220; custom_padding=&#8220;0|0px|0|0px|false|false&#8220; z_index_tablet=&#8220;500&#8243; global_module=&#8220;98&#8243; global_colors_info=&#8220;{}&#8220;][et_pb_row column_structure=&#8220;1_5,1_5,1_5,1_5,1_5&#8243; _builder_version=&#8220;4.16&#8243; custom_padding=&#8220;80px|0px|84px|0px|false|false&#8220; global_colors_info=&#8220;{}&#8220;][et_pb_column type=&#8220;1_5&#8243; _builder_version=&#8220;4.16&#8243; custom_padding=&#8220;|||&#8220; global_colors_info=&#8220;{}&#8220; custom_padding__hover=&#8220;|||&#8220;][et_pb_text admin_label=&#8220;Anschrift&#8220; _builder_version=&#8220;4.20.4&#8243; text_font=&#8220;Open Sans||||||||&#8220; text_text_color=&#8220;#ffffff&#8220; text_font_size=&#8220;14px&#8220; text_line_height=&#8220;1.6em&#8220; global_colors_info=&#8220;{}&#8220;]<\/p>\n<p><strong>Albrecht Elektrotechnik GmbH<br \/><\/strong>Im Engelfeld 10<br \/>87509 Immenstadt<\/p>\n<p>Konrad-Zuse-Stra\u00dfe 1<br \/>87509 Immenstadt<\/p>\n<p><span style=\"color: #ffffff;\">Tel. \u00a0+49 8323 9651 0<br \/>(Mo.-Fr. 08:00 &#8211; 12:00 Uhr; oder per Kontaktformular)<br \/><\/span><span style=\"color: #ffffff;\"> Fax. +49 8323 9651 91<\/span><\/p>\n<p>[\/et_pb_text][\/et_pb_column][et_pb_column type=&#8220;1_5&#8243; _builder_version=&#8220;4.16&#8243; custom_padding=&#8220;|||&#8220; global_colors_info=&#8220;{}&#8220; custom_padding__hover=&#8220;|||&#8220;][et_pb_text _builder_version=&#8220;4.19.4&#8243; text_text_color=&#8220;#ffffff&#8220; text_font_size=&#8220;14px&#8220; text_line_height=&#8220;1.6em&#8220; link_text_color=&#8220;#ffffff&#8220; z_index_tablet=&#8220;500&#8243; global_colors_info=&#8220;{}&#8220;]<\/p>\n<p style=\"text-align: left;\"><a href=\"https:\/\/albrecht-elektrotechnik.de\/index.php\/karriere\/\">Karriere<\/a><\/p>\n<p style=\"text-align: left;\"><a href=\"https:\/\/albrecht-elektrotechnik.de\/index.php\/downloads\/\">Downloads<\/a><\/p>\n<p style=\"text-align: left;\"><a href=\"https:\/\/albrecht-elektrotechnik.de\/index.php\/impressum\/\">Impressum<\/a><\/p>\n<p style=\"text-align: left;\"><a href=\"https:\/\/albrecht-elektrotechnik.de\/wp-content\/uploads\/2023\/01\/Lieferungs-Zahlungsbedingungen-01-2023.pdf\" target=\"_blank\" rel=\"noopener noreferrer\">AGB<\/a><\/p>\n<p style=\"text-align: left;\"><a href=\"https:\/\/albrecht-elektrotechnik.de\/index.php\/datenschutz\/\">Datenschutz<\/a><a href=\"http:\/\/192.168.179.119:8888\/pls\/albrecht\/f?p=102:LOGIN_DESKTOP:6495404315464:::::\" target=\"_blank\" rel=\"noopener\" title=\"Login f\u00fcr Mitarbeitende\"><\/a><\/p>\n<p>[\/et_pb_text][\/et_pb_column][et_pb_column type=&#8220;1_5&#8243; _builder_version=&#8220;4.16&#8243; custom_padding=&#8220;|||&#8220; global_colors_info=&#8220;{}&#8220; custom_padding__hover=&#8220;|||&#8220;][et_pb_image src=&#8220;https:\/\/albrecht-elektrotechnik.de\/wp-content\/uploads\/2021\/01\/9001_14001_ger_tc_p.png&#8220; alt=&#8220;Dekra-Siegel&#8220; title_text=&#8220;Dekra-Siegel&#8220; align=&#8220;center&#8220; align_tablet=&#8220;center&#8220; align_phone=&#8220;&#8220; align_last_edited=&#8220;on|desktop&#8220; admin_label=&#8220;Zertifikat&#8220; _builder_version=&#8220;4.16&#8243; width=&#8220;80px&#8220; global_colors_info=&#8220;{}&#8220;]<\/p>\n<p>&nbsp;<\/p>\n<p>[\/et_pb_image][\/et_pb_column][et_pb_column type=&#8220;1_5&#8243; _builder_version=&#8220;4.16&#8243; custom_padding=&#8220;|||&#8220; global_colors_info=&#8220;{}&#8220; custom_padding__hover=&#8220;|||&#8220;][et_pb_image src=&#8220;https:\/\/albrecht-elektrotechnik.de\/wp-content\/uploads\/2019\/04\/Logo_EPLAN_4c_portrait.jpg&#8220; align_tablet=&#8220;center&#8220; align_phone=&#8220;&#8220; align_last_edited=&#8220;on|desktop&#8220; _builder_version=&#8220;4.16&#8243; max_width=&#8220;55px&#8220; z_index_tablet=&#8220;500&#8243; global_colors_info=&#8220;{}&#8220;][\/et_pb_image][et_pb_image src=&#8220;https:\/\/albrecht-elektrotechnik.de\/wp-content\/uploads\/2019\/04\/ul_markshub_ul-c-us-r-listed-mark-2.png&#8220; align_tablet=&#8220;center&#8220; align_phone=&#8220;&#8220; align_last_edited=&#8220;on|desktop&#8220; disabled_on=&#8220;off|off|off&#8220; _builder_version=&#8220;4.16&#8243; max_width=&#8220;55px&#8220; z_index_tablet=&#8220;500&#8243; global_colors_info=&#8220;{}&#8220;][\/et_pb_image][\/et_pb_column][et_pb_column type=&#8220;1_5&#8243; _builder_version=&#8220;4.16&#8243; global_colors_info=&#8220;{}&#8220;][et_pb_social_media_follow _builder_version=&#8220;4.16&#8243; _module_preset=&#8220;default&#8220; global_colors_info=&#8220;{}&#8220;][et_pb_social_media_follow_network social_network=&#8220;facebook&#8220; url=&#8220;https:\/\/www.facebook.com\/albrechtelektrotechnik\/&#8220; _builder_version=&#8220;4.16&#8243; _module_preset=&#8220;default&#8220; background_color=&#8220;#3b5998&#8243; global_colors_info=&#8220;{}&#8220; follow_button=&#8220;off&#8220; url_new_window=&#8220;on&#8220;]facebook[\/et_pb_social_media_follow_network][et_pb_social_media_follow_network social_network=&#8220;linkedin&#8220; url=&#8220;https:\/\/www.linkedin.com\/company\/albrecht-elektrotechnik-gmbh&#8220; _builder_version=&#8220;4.16&#8243; _module_preset=&#8220;default&#8220; background_color=&#8220;#007bb6&#8243; global_colors_info=&#8220;{}&#8220; follow_button=&#8220;off&#8220; url_new_window=&#8220;on&#8220;]linkedin[\/et_pb_social_media_follow_network][et_pb_social_media_follow_network social_network=&#8220;instagram&#8220; url=&#8220;https:\/\/www.instagram.com\/albrecht_elektrotechnik\/&#8220; _builder_version=&#8220;4.16&#8243; _module_preset=&#8220;default&#8220; background_color=&#8220;#ea2c59&#8243; global_colors_info=&#8220;{}&#8220; follow_button=&#8220;off&#8220; url_new_window=&#8220;on&#8220;]instagram[\/et_pb_social_media_follow_network][\/et_pb_social_media_follow][\/et_pb_column][\/et_pb_row][\/et_pb_section]<\/p>\n","protected":false},"excerpt":{"rendered":"<p>Du bist auf der Suche nach einem Praktikum? Du bist noch unschl\u00fcssig, welche Ausbildung f\u00fcr dich die Richtige ist?Du m\u00f6chtest wissen ob dein Traumberuf zu dir passt? Dann finde es heraus und bewirb dich f\u00fcr ein Schnupperpraktikum in einem unserer angebotenen Ausbildungsberufe. Du kannst eine Woche erste Erfahrungen bei uns sammeln, echten Profis in ihrem [&hellip;]<\/p>\n","protected":false},"author":5,"featured_media":0,"parent":0,"menu_order":0,"comment_status":"closed","ping_status":"closed","template":"","meta":{"_et_pb_use_builder":"on","_et_pb_old_content":"","_et_gb_content_width":"","footnotes":""},"class_list":["post-1336","page","type-page","status-publish","hentry"],"yoast_head":"<!-- This site is optimized with the Yoast SEO plugin v27.5 - https:\/\/yoast.com\/product\/yoast-seo-wordpress\/ -->\n<title>schulbegleitendes Praktikum - Albrecht Elektrotechnik GmbH<\/title>\n<meta name=\"robots\" content=\"index, follow, max-snippet:-1, max-image-preview:large, max-video-preview:-1\" \/>\n<link rel=\"canonical\" href=\"https:\/\/albrecht-elektrotechnik.de\/index.php\/schulbegleitendes-praktikum\/\" \/>\n<meta property=\"og:locale\" content=\"de_DE\" \/>\n<meta property=\"og:type\" content=\"article\" \/>\n<meta property=\"og:title\" content=\"schulbegleitendes Praktikum - Albrecht Elektrotechnik GmbH\" \/>\n<meta property=\"og:description\" content=\"Du bist auf der Suche nach einem Praktikum? Du bist noch unschl\u00fcssig, welche Ausbildung f\u00fcr dich die Richtige ist?Du m\u00f6chtest wissen ob dein Traumberuf zu dir passt? Dann finde es heraus und bewirb dich f\u00fcr ein Schnupperpraktikum in einem unserer angebotenen Ausbildungsberufe. Du kannst eine Woche erste Erfahrungen bei uns sammeln, echten Profis in ihrem [&hellip;]\" \/>\n<meta property=\"og:url\" content=\"https:\/\/albrecht-elektrotechnik.de\/index.php\/schulbegleitendes-praktikum\/\" \/>\n<meta property=\"og:site_name\" content=\"Albrecht Elektrotechnik GmbH\" \/>\n<meta property=\"article:publisher\" content=\"https:\/\/www.facebook.com\/albrechtelektrotechnik\/\" \/>\n<meta property=\"article:modified_time\" content=\"2023-08-17T08:47:43+00:00\" \/>\n<meta name=\"twitter:card\" content=\"summary_large_image\" \/>\n<meta name=\"twitter:label1\" content=\"Gesch\u00e4tzte Lesezeit\" \/>\n\t<meta name=\"twitter:data1\" content=\"9\u00a0Minuten\" \/>\n<script type=\"application\/ld+json\" class=\"yoast-schema-graph\">{\"@context\":\"https:\\\/\\\/schema.org\",\"@graph\":[{\"@type\":\"WebPage\",\"@id\":\"https:\\\/\\\/albrecht-elektrotechnik.de\\\/index.php\\\/schulbegleitendes-praktikum\\\/\",\"url\":\"https:\\\/\\\/albrecht-elektrotechnik.de\\\/index.php\\\/schulbegleitendes-praktikum\\\/\",\"name\":\"schulbegleitendes Praktikum - Albrecht Elektrotechnik GmbH\",\"isPartOf\":{\"@id\":\"https:\\\/\\\/albrecht-elektrotechnik.de\\\/#website\"},\"datePublished\":\"2019-04-08T12:32:50+00:00\",\"dateModified\":\"2023-08-17T08:47:43+00:00\",\"breadcrumb\":{\"@id\":\"https:\\\/\\\/albrecht-elektrotechnik.de\\\/index.php\\\/schulbegleitendes-praktikum\\\/#breadcrumb\"},\"inLanguage\":\"de\",\"potentialAction\":[{\"@type\":\"ReadAction\",\"target\":[\"https:\\\/\\\/albrecht-elektrotechnik.de\\\/index.php\\\/schulbegleitendes-praktikum\\\/\"]}]},{\"@type\":\"BreadcrumbList\",\"@id\":\"https:\\\/\\\/albrecht-elektrotechnik.de\\\/index.php\\\/schulbegleitendes-praktikum\\\/#breadcrumb\",\"itemListElement\":[{\"@type\":\"ListItem\",\"position\":1,\"name\":\"Startseite\",\"item\":\"https:\\\/\\\/albrecht-elektrotechnik.de\\\/\"},{\"@type\":\"ListItem\",\"position\":2,\"name\":\"schulbegleitendes Praktikum\"}]},{\"@type\":\"WebSite\",\"@id\":\"https:\\\/\\\/albrecht-elektrotechnik.de\\\/#website\",\"url\":\"https:\\\/\\\/albrecht-elektrotechnik.de\\\/\",\"name\":\"Albrecht Elektrotechnik GmbH\",\"description\":\"Elektrotechnik und Maschinenbau unter einem Dach\",\"potentialAction\":[{\"@type\":\"SearchAction\",\"target\":{\"@type\":\"EntryPoint\",\"urlTemplate\":\"https:\\\/\\\/albrecht-elektrotechnik.de\\\/?s={search_term_string}\"},\"query-input\":{\"@type\":\"PropertyValueSpecification\",\"valueRequired\":true,\"valueName\":\"search_term_string\"}}],\"inLanguage\":\"de\"}]}<\/script>\n<!-- \/ Yoast SEO plugin. -->","yoast_head_json":{"title":"schulbegleitendes Praktikum - Albrecht Elektrotechnik GmbH","robots":{"index":"index","follow":"follow","max-snippet":"max-snippet:-1","max-image-preview":"max-image-preview:large","max-video-preview":"max-video-preview:-1"},"canonical":"https:\/\/albrecht-elektrotechnik.de\/index.php\/schulbegleitendes-praktikum\/","og_locale":"de_DE","og_type":"article","og_title":"schulbegleitendes Praktikum - Albrecht Elektrotechnik GmbH","og_description":"Du bist auf der Suche nach einem Praktikum? Du bist noch unschl\u00fcssig, welche Ausbildung f\u00fcr dich die Richtige ist?Du m\u00f6chtest wissen ob dein Traumberuf zu dir passt? Dann finde es heraus und bewirb dich f\u00fcr ein Schnupperpraktikum in einem unserer angebotenen Ausbildungsberufe. Du kannst eine Woche erste Erfahrungen bei uns sammeln, echten Profis in ihrem [&hellip;]","og_url":"https:\/\/albrecht-elektrotechnik.de\/index.php\/schulbegleitendes-praktikum\/","og_site_name":"Albrecht Elektrotechnik GmbH","article_publisher":"https:\/\/www.facebook.com\/albrechtelektrotechnik\/","article_modified_time":"2023-08-17T08:47:43+00:00","twitter_card":"summary_large_image","twitter_misc":{"Gesch\u00e4tzte Lesezeit":"9\u00a0Minuten"},"schema":{"@context":"https:\/\/schema.org","@graph":[{"@type":"WebPage","@id":"https:\/\/albrecht-elektrotechnik.de\/index.php\/schulbegleitendes-praktikum\/","url":"https:\/\/albrecht-elektrotechnik.de\/index.php\/schulbegleitendes-praktikum\/","name":"schulbegleitendes Praktikum - Albrecht Elektrotechnik GmbH","isPartOf":{"@id":"https:\/\/albrecht-elektrotechnik.de\/#website"},"datePublished":"2019-04-08T12:32:50+00:00","dateModified":"2023-08-17T08:47:43+00:00","breadcrumb":{"@id":"https:\/\/albrecht-elektrotechnik.de\/index.php\/schulbegleitendes-praktikum\/#breadcrumb"},"inLanguage":"de","potentialAction":[{"@type":"ReadAction","target":["https:\/\/albrecht-elektrotechnik.de\/index.php\/schulbegleitendes-praktikum\/"]}]},{"@type":"BreadcrumbList","@id":"https:\/\/albrecht-elektrotechnik.de\/index.php\/schulbegleitendes-praktikum\/#breadcrumb","itemListElement":[{"@type":"ListItem","position":1,"name":"Startseite","item":"https:\/\/albrecht-elektrotechnik.de\/"},{"@type":"ListItem","position":2,"name":"schulbegleitendes Praktikum"}]},{"@type":"WebSite","@id":"https:\/\/albrecht-elektrotechnik.de\/#website","url":"https:\/\/albrecht-elektrotechnik.de\/","name":"Albrecht Elektrotechnik GmbH","description":"Elektrotechnik und Maschinenbau unter einem Dach","potentialAction":[{"@type":"SearchAction","target":{"@type":"EntryPoint","urlTemplate":"https:\/\/albrecht-elektrotechnik.de\/?s={search_term_string}"},"query-input":{"@type":"PropertyValueSpecification","valueRequired":true,"valueName":"search_term_string"}}],"inLanguage":"de"}]}},"_links":{"self":[{"href":"https:\/\/albrecht-elektrotechnik.de\/index.php\/wp-json\/wp\/v2\/pages\/1336","targetHints":{"allow":["GET"]}}],"collection":[{"href":"https:\/\/albrecht-elektrotechnik.de\/index.php\/wp-json\/wp\/v2\/pages"}],"about":[{"href":"https:\/\/albrecht-elektrotechnik.de\/index.php\/wp-json\/wp\/v2\/types\/page"}],"author":[{"embeddable":true,"href":"https:\/\/albrecht-elektrotechnik.de\/index.php\/wp-json\/wp\/v2\/users\/5"}],"replies":[{"embeddable":true,"href":"https:\/\/albrecht-elektrotechnik.de\/index.php\/wp-json\/wp\/v2\/comments?post=1336"}],"version-history":[{"count":0,"href":"https:\/\/albrecht-elektrotechnik.de\/index.php\/wp-json\/wp\/v2\/pages\/1336\/revisions"}],"wp:attachment":[{"href":"https:\/\/albrecht-elektrotechnik.de\/index.php\/wp-json\/wp\/v2\/media?parent=1336"}],"curies":[{"name":"wp","href":"https:\/\/api.w.org\/{rel}","templated":true}]}}